{"id":542,"date":"2022-10-14T19:19:21","date_gmt":"2022-10-14T12:19:21","guid":{"rendered":"https:\/\/vuasoft.a2ztech.vn\/?page_id=542"},"modified":"2022-11-01T13:48:28","modified_gmt":"2022-11-01T06:48:28","slug":"contact","status":"publish","type":"page","link":"https:\/\/uup.vn\/en\/contact\/","title":{"rendered":"Contact"},"content":{"rendered":"<section class=\"section\" id=\"section_52197805\">\n\t\t<div class=\"bg section-bg fill bg-fill bg-loaded bg-loaded\" >\n\n\t\t\t\n\t\t\t\n\t\t\t\n\n\t\t<\/div>\n\n\t\t\n\n\t\t<div class=\"section-content relative\">\n\t\t\t\n\n  <div class=\"banner has-hover banner-single-service\" id=\"banner-1975160093\">\n          <div class=\"banner-inner fill\">\n        <div class=\"banner-bg fill\" >\n            <div class=\"bg fill bg-fill bg-loaded\"><\/div>\n                                    \n                    <\/div>\n\t\t\n        <div class=\"banner-layers container\">\n            <div class=\"fill banner-link\"><\/div>            \n   <div id=\"text-box-932076683\" class=\"text-box banner-layer box-text-banner bg-blog-text x50 md-x50 lg-x50 y50 md-y50 lg-y50 res-text\">\n                                <div class=\"text-box-content text dark\">\n              \n              <div class=\"text-inner text-center\">\n                  \n<h3><strong>Contact<\/strong><\/h3>\n<p>C\u00e1c d\u1ef1 \u00e1n n\u1ed5i b\u1eadt ch\u00fang t\u00f4i \u0111\u00e3 th\u1ef1c hi\u1ec7n, Lorem ipsum dolor sit amet, consectetur adipiscing elit volutpat mollis egestas nam luctus facilisis ultrices<\/p>\n              <\/div>\n           <\/div>\n                            \n<style>\n#text-box-932076683 .text-inner {\n  padding: 20px 10px 20px 10px;\n}\n#text-box-932076683 {\n  width: 92%;\n}\n#text-box-932076683 .text-box-content {\n  font-size: 100%;\n}\n@media (min-width:550px) {\n  #text-box-932076683 {\n    width: 69%;\n  }\n}\n<\/style>\n    <\/div>\n \n        <\/div>\n      <\/div>\n\n            \n<style>\n#banner-1975160093 {\n  padding-top: 200px;\n}\n#banner-1975160093 .bg.bg-loaded {\n  background-image: url(https:\/\/uup.vn\/medias\/2022\/09\/3161025-1.png);\n}\n#banner-1975160093 .ux-shape-divider--top svg {\n  height: 150px;\n  --divider-top-width: 100%;\n}\n#banner-1975160093 .ux-shape-divider--bottom svg {\n  height: 150px;\n  --divider-width: 100%;\n}\n@media (min-width:550px) {\n  #banner-1975160093 {\n    padding-top: 419px;\n  }\n}\n<\/style>\n  <\/div>\n\n\n\t\t<\/div>\n\n\t\t\n<style>\n#section_52197805 {\n  padding-top: 0px;\n  padding-bottom: 0px;\n}\n#section_52197805 .ux-shape-divider--top svg {\n  height: 150px;\n  --divider-top-width: 100%;\n}\n#section_52197805 .ux-shape-divider--bottom svg {\n  height: 150px;\n  --divider-width: 100%;\n}\n<\/style>\n\t<\/section>\n\t\n\t<section class=\"section\" id=\"section_1535386626\">\n\t\t<div class=\"bg section-bg fill bg-fill bg-loaded bg-loaded\" >\n\n\t\t\t\n\t\t\t\n\t\t\t\n\t<div class=\"is-border\"\n\t\tstyle=\"border-width:0px 0px 1 0px;\">\n\t<\/div>\n\n\t\t<\/div>\n\n\t\t\n\n\t\t<div class=\"section-content relative\">\n\t\t\t\n<div class=\"row row-collapse\"  id=\"row-189532192\">\n\n\t<div id=\"col-980558203\" class=\"col medium-4 small-12 large-4\"  >\n\t\t\t\t<div class=\"col-inner text-center\"  >\n\t\t\t\n\t<div class=\"is-border\"\n\t\tstyle=\"border-width:0 1px 0px 0px;\">\n\t<\/div>\n\t\t\t\n\n\t\t<div class=\"icon-box featured-box icon-box-center text-center\"  >\n\t\t\t\t\t<div class=\"icon-box-img\" style=\"width: 60px\">\n\t\t\t\t<div class=\"icon\">\n\t\t\t\t\t<div class=\"icon-inner\" >\n\t\t\t\t\t\t<img loading=\"lazy\" decoding=\"async\" width=\"100\" height=\"100\" src=\"https:\/\/uup.vn\/medias\/2022\/09\/mail.png\" class=\"attachment-medium size-medium\" alt=\"\" \/>\t\t\t\t\t<\/div>\n\t\t\t\t<\/div>\n\t\t\t<\/div>\n\t\t\t\t<div class=\"icon-box-text last-reset\">\n\t\t\t\t\t\t\t\t\t\n<p>Please send us an email. We will respond as soon as possible.<\/p>\n\t\t<\/div>\n\t<\/div>\n\t\n\t\n\t<div id=\"text-802757057\" class=\"text\">\n\t\t\n<p><strong><span style=\"color: #08a681;\">vuasoftcompany@gmail.com<\/span><\/strong><\/p>\n\t\t\n<style>\n#text-802757057 {\n  text-align: center;\n}\n<\/style>\n\t<\/div>\n\t\n<a href=\"mailto:vuasoftcompany@gmail.com\" target=\"_self\" class=\"button primary lowercase\"  style=\"border-radius:99px;\">\n    <span>Send email!<\/span>\n  <\/a>\n\n\t\t<\/div>\n\t\t\t\t\n<style>\n#col-980558203 > .col-inner {\n  padding: 0px 30px 15px 30px;\n}\n@media (min-width:550px) {\n  #col-980558203 > .col-inner {\n    padding: 0px 20px 0px 20px;\n  }\n}\n@media (min-width:850px) {\n  #col-980558203 > .col-inner {\n    padding: 0px 30px 0px 30px;\n  }\n}\n<\/style>\n\t<\/div>\n\n\t\n\n\t<div id=\"col-1689138561\" class=\"col medium-4 small-12 large-4\"  >\n\t\t\t\t<div class=\"col-inner text-center\"  >\n\t\t\t\n\t<div class=\"is-border\"\n\t\tstyle=\"border-width:0 1px 0px 0px;\">\n\t<\/div>\n\t\t\t\n\n\t\t<div class=\"icon-box featured-box icon-box-center text-center\"  >\n\t\t\t\t\t<div class=\"icon-box-img\" style=\"width: 60px\">\n\t\t\t\t<div class=\"icon\">\n\t\t\t\t\t<div class=\"icon-inner\" >\n\t\t\t\t\t\t<img loading=\"lazy\" decoding=\"async\" width=\"300\" height=\"300\" src=\"https:\/\/uup.vn\/medias\/2022\/10\/service-5-300x300.png\" class=\"attachment-medium size-medium\" alt=\"\" srcset=\"https:\/\/uup.vn\/medias\/2022\/10\/service-5-300x300.png 300w, https:\/\/uup.vn\/medias\/2022\/10\/service-5-150x150.png 150w, https:\/\/uup.vn\/medias\/2022\/10\/service-5.png 400w\" sizes=\"auto, (max-width: 300px) 100vw, 300px\" \/>\t\t\t\t\t<\/div>\n\t\t\t\t<\/div>\n\t\t\t<\/div>\n\t\t\t\t<div class=\"icon-box-text last-reset\">\n\t\t\t\t\t\t\t\t\t\n<p>If you need immediate assistance, please call us at any time.<\/p>\n\t\t<\/div>\n\t<\/div>\n\t\n\t\n\t<div id=\"text-642694752\" class=\"text\">\n\t\t\n<p><span style=\"color: #08a681;\"><strong>0333 529 789<\/strong><\/span><\/p>\n\t\t\n<style>\n#text-642694752 {\n  text-align: center;\n}\n<\/style>\n\t<\/div>\n\t\n<a href=\"tel:0333529789\" target=\"_self\" class=\"button primary lowercase\"  style=\"border-radius:99px;\">\n    <span>Call now!<\/span>\n  <\/a>\n\n\t\t<\/div>\n\t\t\t\t\n<style>\n#col-1689138561 > .col-inner {\n  padding: 0px 30px 15px 30px;\n}\n@media (min-width:550px) {\n  #col-1689138561 > .col-inner {\n    padding: 0px 20px 0px 20px;\n  }\n}\n@media (min-width:850px) {\n  #col-1689138561 > .col-inner {\n    padding: 0px 30px 0px 30px;\n  }\n}\n<\/style>\n\t<\/div>\n\n\t\n\n\t<div id=\"col-1007804943\" class=\"col medium-4 small-12 large-4\"  >\n\t\t\t\t<div class=\"col-inner text-center\"  >\n\t\t\t\n\t\t\t\n\n\t\t<div class=\"icon-box featured-box icon-box-center text-center\"  >\n\t\t\t\t\t<div class=\"icon-box-img\" style=\"width: 60px\">\n\t\t\t\t<div class=\"icon\">\n\t\t\t\t\t<div class=\"icon-inner\" >\n\t\t\t\t\t\t<img loading=\"lazy\" decoding=\"async\" width=\"300\" height=\"300\" src=\"https:\/\/uup.vn\/medias\/2022\/10\/service-6-300x300.png\" class=\"attachment-medium size-medium\" alt=\"\" srcset=\"https:\/\/uup.vn\/medias\/2022\/10\/service-6-300x300.png 300w, https:\/\/uup.vn\/medias\/2022\/10\/service-6-150x150.png 150w, https:\/\/uup.vn\/medias\/2022\/10\/service-6.png 400w\" sizes=\"auto, (max-width: 300px) 100vw, 300px\" \/>\t\t\t\t\t<\/div>\n\t\t\t\t<\/div>\n\t\t\t<\/div>\n\t\t\t\t<div class=\"icon-box-text last-reset\">\n\t\t\t\t\t\t\t\t\t\n<p>C\u1ed9ng \u0111\u1ed3ng &#8211; Tham gia ngay c\u1ed9ng \u0111\u1ed3ng 140k th\u00e0nh vi\u00ean c\u1ee7a vuasoft<\/p>\n\t\t<\/div>\n\t<\/div>\n\t\n\t\n\t<div id=\"text-792878169\" class=\"text\">\n\t\t\n<p><strong><span style=\"color: #08a681;\">VuaSoft Facebook Group<\/span><\/strong><\/p>\n\t\t\n<style>\n#text-792878169 {\n  text-align: center;\n}\n<\/style>\n\t<\/div>\n\t\n<a class=\"button primary lowercase\"  style=\"border-radius:99px;\">\n    <span>Join now<\/span>\n  <\/a>\n\n\t\t<\/div>\n\t\t\t\t\n<style>\n#col-1007804943 > .col-inner {\n  padding: 0px 20px 0px 20px;\n}\n@media (min-width:850px) {\n  #col-1007804943 > .col-inner {\n    padding: 0px 30px 0px 30px;\n  }\n}\n<\/style>\n\t<\/div>\n\n\t\n<\/div>\n\t\t<\/div>\n\n\t\t\n<style>\n#section_1535386626 {\n  padding-top: 50px;\n  padding-bottom: 50px;\n}\n#section_1535386626 .ux-shape-divider--top svg {\n  height: 150px;\n  --divider-top-width: 100%;\n}\n#section_1535386626 .ux-shape-divider--bottom svg {\n  height: 150px;\n  --divider-width: 100%;\n}\n<\/style>\n\t<\/section>\n\t\n\t<section class=\"section\" id=\"section_2115058071\">\n\t\t<div class=\"bg section-bg fill bg-fill bg-loaded bg-loaded\" >\n\n\t\t\t\n\t\t\t\n\t\t\t\n\n\t\t<\/div>\n\n\t\t\n\n\t\t<div class=\"section-content relative\">\n\t\t\t\n<div class=\"row align-middle\"  id=\"row-1140660333\">\n\n\t<div id=\"col-1953311898\" class=\"col pb-0 medium-7 small-12 large-7\"  >\n\t\t\t\t<div class=\"col-inner\"  >\n\t\t\t\n\t\t\t\n\t\t<div class=\"brd-20\">\n\t\t\t\t\n<p><iframe loading=\"lazy\" style=\"border: 0;\" src=\"https:\/\/www.google.com\/maps\/embed?pb=!1m18!1m12!1m3!1d3724.1959242118105!2d105.79892921532748!3d21.02484519328688!2m3!1f0!2f0!3f0!3m2!1i1024!2i768!4f13.1!3m3!1m2!1s0x3135abee159fc0a7%3A0x3046cfebc90994f4!2sC%C3%B4ng%20ty%20VUASOFT!5e0!3m2!1svi!2shk!4v1664004063260!5m2!1svi!2shk\" width=\"100%\" height=\"322\" allowfullscreen=\"allowfullscreen\" data-mce-fragment=\"1\"><\/iframe><br \/>\n\t\t<\/div>\n\t\n\t\t<\/div>\n\t\t\t\t\t<\/div>\n\n\t\n\n\t<div id=\"col-2068218393\" class=\"col pb-0 medium-5 small-12 large-5\"  >\n\t\t\t\t<div class=\"col-inner\"  >\n\t\t\t\n\t\t\t\n<div class=\"ux-logo has-hover align-middle ux_logo inline-block\" style=\"max-width: 100%!important; width: 266px!important\"><div class=\"ux-logo-link block image-\" title=\"\"  href=\"\" style=\"padding: 15px;\"><img decoding=\"async\" src=\"https:\/\/uup.vn\/medias\/2022\/11\/Frame-18718.png\" title=\"\" alt=\"\" class=\"ux-logo-image block\" style=\"height:58px;\" \/><\/div><\/div>\n\n\t\t<div class=\"icon-box featured-box icon-box-left text-left\"  >\n\t\t\t\t\t<div class=\"icon-box-img\" style=\"width: 24px\">\n\t\t\t\t<div class=\"icon\">\n\t\t\t\t\t<div class=\"icon-inner\" >\n\t\t\t\t\t\t<img loading=\"lazy\" decoding=\"async\" width=\"300\" height=\"300\" src=\"https:\/\/uup.vn\/medias\/2022\/10\/akar-icons_location.svg\" class=\"attachment-medium size-medium\" alt=\"\" \/>\t\t\t\t\t<\/div>\n\t\t\t\t<\/div>\n\t\t\t<\/div>\n\t\t\t\t<div class=\"icon-box-text last-reset\">\n\t\t\t\t\t\t\t\t\t\n<p>T\u1ea7ng 5, s\u1ed1 133, ng\u00f5 1194 \u0111\u01b0\u1eddng L\u00e1ng H\u00e0 N\u1ed9i, Vi\u1ec7t Nam<\/p>\n\t\t<\/div>\n\t<\/div>\n\t\n\t\n\t<div id=\"gap-270790141\" class=\"gap-element clearfix\" style=\"display:block; height:auto;\">\n\t\t\n<style>\n#gap-270790141 {\n  padding-top: 15px;\n}\n<\/style>\n\t<\/div>\n\t\n\n\t\t<div class=\"icon-box featured-box icon-box-left text-left\"  >\n\t\t\t\t\t<div class=\"icon-box-img\" style=\"width: 24px\">\n\t\t\t\t<div class=\"icon\">\n\t\t\t\t\t<div class=\"icon-inner\" >\n\t\t\t\t\t\t<img loading=\"lazy\" decoding=\"async\" width=\"300\" height=\"300\" src=\"https:\/\/uup.vn\/medias\/2022\/10\/arcticons_mail.svg\" class=\"attachment-medium size-medium\" alt=\"\" \/>\t\t\t\t\t<\/div>\n\t\t\t\t<\/div>\n\t\t\t<\/div>\n\t\t\t\t<div class=\"icon-box-text last-reset\">\n\t\t\t\t\t\t\t\t\t\n<p>vuasoftcompany@gmail.com<\/p>\n\t\t<\/div>\n\t<\/div>\n\t\n\t\n\t<div id=\"gap-1440989894\" class=\"gap-element clearfix\" style=\"display:block; height:auto;\">\n\t\t\n<style>\n#gap-1440989894 {\n  padding-top: 15px;\n}\n<\/style>\n\t<\/div>\n\t\n\n\t\t<div class=\"icon-box featured-box icon-box-left text-left\"  >\n\t\t\t\t\t<div class=\"icon-box-img\" style=\"width: 24px\">\n\t\t\t\t<div class=\"icon\">\n\t\t\t\t\t<div class=\"icon-inner\" >\n\t\t\t\t\t\t<img loading=\"lazy\" decoding=\"async\" width=\"300\" height=\"300\" src=\"https:\/\/uup.vn\/medias\/2022\/10\/carbon_phone.svg\" class=\"attachment-medium size-medium\" alt=\"\" \/>\t\t\t\t\t<\/div>\n\t\t\t\t<\/div>\n\t\t\t<\/div>\n\t\t\t\t<div class=\"icon-box-text last-reset\">\n\t\t\t\t\t\t\t\t\t\n<p>0333 529 789<\/p>\n\t\t<\/div>\n\t<\/div>\n\t\n\t\n<div class=\"row row-collapse\"  id=\"row-1228682522\">\n\n\t<div id=\"col-839543099\" class=\"col small-12 large-12\"  >\n\t\t\t\t<div class=\"col-inner\"  >\n\t\t\t\n\t\t\t\n<div class=\"ux-logo has-hover align-middle ux_logo inline-block pd-0\" style=\"max-width: 100%!important; width: 78px!important\"><a class=\"ux-logo-link block image-\" title=\"\"  href=\"#\" style=\"padding: 15px;\"><img decoding=\"async\" src=\"https:\/\/uup.vn\/medias\/2022\/10\/service-6.png\" title=\"\" alt=\"\" class=\"ux-logo-image block\" style=\"height:48px;\" \/><\/a><\/div>\n<div class=\"ux-logo has-hover align-middle ux_logo inline-block pd-0\" style=\"max-width: 100%!important; width: 78px!important\"><a class=\"ux-logo-link block image-\" title=\"\"  href=\"#\" style=\"padding: 15px;\"><img decoding=\"async\" src=\"https:\/\/uup.vn\/medias\/2022\/10\/service-1-1.png\" title=\"\" alt=\"\" class=\"ux-logo-image block\" style=\"height:48px;\" \/><\/a><\/div>\n\t\t<\/div>\n\t\t\t\t\n<style>\n#col-839543099 > .col-inner {\n  margin: 0px 0px 0px -20px;\n}\n<\/style>\n\t<\/div>\n\n\t\n<\/div>\n\t\t<\/div>\n\t\t\t\t\n<style>\n#col-2068218393 > .col-inner {\n  padding: 0px 0px 0px 20px;\n}\n<\/style>\n\t<\/div>\n\n\t\n<\/div>\n\t\t<\/div>\n\n\t\t\n<style>\n#section_2115058071 {\n  padding-top: 50px;\n  padding-bottom: 50px;\n}\n#section_2115058071 .ux-shape-divider--top svg {\n  height: 150px;\n  --divider-top-width: 100%;\n}\n#section_2115058071 .ux-shape-divider--bottom svg {\n  height: 150px;\n  --divider-width: 100%;\n}\n<\/style>\n\t<\/section>","protected":false},"excerpt":{"rendered":"","protected":false},"author":10,"featured_media":0,"parent":0,"menu_order":0,"comment_status":"closed","ping_status":"closed","template":"page-blank.php","meta":{"_acf_changed":false,"inline_featured_image":false,"footnotes":""},"class_list":["post-542","page","type-page","status-publish","hentry"],"acf":[],"yoast_head":"<!-- This site is optimized with the Yoast SEO plugin v25.2 - https:\/\/yoast.com\/wordpress\/plugins\/seo\/ -->\n<title>Contact - Uup.vn<\/title>\n<meta name=\"robots\" content=\"index, follow, max-snippet:-1, max-image-preview:large, max-video-preview:-1\" \/>\n<link rel=\"canonical\" href=\"https:\/\/vuasoft.com\/en\/contact\/\" \/>\n<meta property=\"og:locale\" content=\"en_US\" \/>\n<meta property=\"og:type\" content=\"article\" \/>\n<meta property=\"og:title\" content=\"Contact - Uup.vn\" \/>\n<meta property=\"og:url\" content=\"https:\/\/vuasoft.com\/en\/contact\/\" \/>\n<meta property=\"og:site_name\" content=\"Uup.vn\" \/>\n<meta property=\"article:modified_time\" content=\"2022-11-01T06:48:28+00:00\" \/>\n<meta name=\"twitter:card\" content=\"summary_large_image\" \/>\n<meta name=\"twitter:label1\" content=\"Est. reading time\" \/>\n\t<meta name=\"twitter:data1\" content=\"2 minutes\" \/>\n<script type=\"application\/ld+json\" class=\"yoast-schema-graph\">{\"@context\":\"https:\/\/schema.org\",\"@graph\":[{\"@type\":\"WebPage\",\"@id\":\"https:\/\/vuasoft.com\/en\/contact\/\",\"url\":\"https:\/\/vuasoft.com\/en\/contact\/\",\"name\":\"Contact - Uup.vn\",\"isPartOf\":{\"@id\":\"https:\/\/vuasoft.com\/#website\"},\"datePublished\":\"2022-10-14T12:19:21+00:00\",\"dateModified\":\"2022-11-01T06:48:28+00:00\",\"breadcrumb\":{\"@id\":\"https:\/\/vuasoft.com\/en\/contact\/#breadcrumb\"},\"inLanguage\":\"en-US\",\"potentialAction\":[{\"@type\":\"ReadAction\",\"target\":[\"https:\/\/vuasoft.com\/en\/contact\/\"]}]},{\"@type\":\"BreadcrumbList\",\"@id\":\"https:\/\/vuasoft.com\/en\/contact\/#breadcrumb\",\"itemListElement\":[{\"@type\":\"ListItem\",\"position\":1,\"name\":\"Trang ch\u1ee7\",\"item\":\"https:\/\/uup.vn\/\"},{\"@type\":\"ListItem\",\"position\":2,\"name\":\"Contact\"}]},{\"@type\":\"WebSite\",\"@id\":\"https:\/\/vuasoft.com\/#website\",\"url\":\"https:\/\/vuasoft.com\/\",\"name\":\"Uup.vn\",\"description\":\"\u0110\u01b0\u1ee3c thi\u1ebft k\u1ebf b\u1edfi Vuasoft.com\",\"publisher\":{\"@id\":\"https:\/\/vuasoft.com\/#organization\"},\"potentialAction\":[{\"@type\":\"SearchAction\",\"target\":{\"@type\":\"EntryPoint\",\"urlTemplate\":\"https:\/\/vuasoft.com\/?s={search_term_string}\"},\"query-input\":{\"@type\":\"PropertyValueSpecification\",\"valueRequired\":true,\"valueName\":\"search_term_string\"}}],\"inLanguage\":\"en-US\"},{\"@type\":\"Organization\",\"@id\":\"https:\/\/vuasoft.com\/#organization\",\"name\":\"Uup.vn\",\"url\":\"https:\/\/vuasoft.com\/\",\"logo\":{\"@type\":\"ImageObject\",\"inLanguage\":\"en-US\",\"@id\":\"https:\/\/vuasoft.com\/#\/schema\/logo\/image\/\",\"url\":\"https:\/\/vuasoft.com\/medias\/2022\/10\/Logo-2.png\",\"contentUrl\":\"https:\/\/vuasoft.com\/medias\/2022\/10\/Logo-2.png\",\"width\":504,\"height\":224,\"caption\":\"Uup.vn\"},\"image\":{\"@id\":\"https:\/\/vuasoft.com\/#\/schema\/logo\/image\/\"}}]}<\/script>\n<!-- \/ Yoast SEO plugin. -->","yoast_head_json":{"title":"Contact - Uup.vn","robots":{"index":"index","follow":"follow","max-snippet":"max-snippet:-1","max-image-preview":"max-image-preview:large","max-video-preview":"max-video-preview:-1"},"canonical":"https:\/\/vuasoft.com\/en\/contact\/","og_locale":"en_US","og_type":"article","og_title":"Contact - Uup.vn","og_url":"https:\/\/vuasoft.com\/en\/contact\/","og_site_name":"Uup.vn","article_modified_time":"2022-11-01T06:48:28+00:00","twitter_card":"summary_large_image","twitter_misc":{"Est. reading time":"2 minutes"},"schema":{"@context":"https:\/\/schema.org","@graph":[{"@type":"WebPage","@id":"https:\/\/vuasoft.com\/en\/contact\/","url":"https:\/\/vuasoft.com\/en\/contact\/","name":"Contact - Uup.vn","isPartOf":{"@id":"https:\/\/vuasoft.com\/#website"},"datePublished":"2022-10-14T12:19:21+00:00","dateModified":"2022-11-01T06:48:28+00:00","breadcrumb":{"@id":"https:\/\/vuasoft.com\/en\/contact\/#breadcrumb"},"inLanguage":"en-US","potentialAction":[{"@type":"ReadAction","target":["https:\/\/vuasoft.com\/en\/contact\/"]}]},{"@type":"BreadcrumbList","@id":"https:\/\/vuasoft.com\/en\/contact\/#breadcrumb","itemListElement":[{"@type":"ListItem","position":1,"name":"Trang ch\u1ee7","item":"https:\/\/uup.vn\/"},{"@type":"ListItem","position":2,"name":"Contact"}]},{"@type":"WebSite","@id":"https:\/\/vuasoft.com\/#website","url":"https:\/\/vuasoft.com\/","name":"Uup.vn","description":"\u0110\u01b0\u1ee3c thi\u1ebft k\u1ebf b\u1edfi Vuasoft.com","publisher":{"@id":"https:\/\/vuasoft.com\/#organization"},"potentialAction":[{"@type":"SearchAction","target":{"@type":"EntryPoint","urlTemplate":"https:\/\/vuasoft.com\/?s={search_term_string}"},"query-input":{"@type":"PropertyValueSpecification","valueRequired":true,"valueName":"search_term_string"}}],"inLanguage":"en-US"},{"@type":"Organization","@id":"https:\/\/vuasoft.com\/#organization","name":"Uup.vn","url":"https:\/\/vuasoft.com\/","logo":{"@type":"ImageObject","inLanguage":"en-US","@id":"https:\/\/vuasoft.com\/#\/schema\/logo\/image\/","url":"https:\/\/vuasoft.com\/medias\/2022\/10\/Logo-2.png","contentUrl":"https:\/\/vuasoft.com\/medias\/2022\/10\/Logo-2.png","width":504,"height":224,"caption":"Uup.vn"},"image":{"@id":"https:\/\/vuasoft.com\/#\/schema\/logo\/image\/"}}]}},"_links":{"self":[{"href":"https:\/\/uup.vn\/en\/wp-json\/wp\/v2\/pages\/542","targetHints":{"allow":["GET"]}}],"collection":[{"href":"https:\/\/uup.vn\/en\/wp-json\/wp\/v2\/pages"}],"about":[{"href":"https:\/\/uup.vn\/en\/wp-json\/wp\/v2\/types\/page"}],"author":[{"embeddable":true,"href":"https:\/\/uup.vn\/en\/wp-json\/wp\/v2\/users\/10"}],"replies":[{"embeddable":true,"href":"https:\/\/uup.vn\/en\/wp-json\/wp\/v2\/comments?post=542"}],"version-history":[{"count":5,"href":"https:\/\/uup.vn\/en\/wp-json\/wp\/v2\/pages\/542\/revisions"}],"predecessor-version":[{"id":876,"href":"https:\/\/uup.vn\/en\/wp-json\/wp\/v2\/pages\/542\/revisions\/876"}],"wp:attachment":[{"href":"https:\/\/uup.vn\/en\/wp-json\/wp\/v2\/media?parent=542"}],"curies":[{"name":"wp","href":"https:\/\/api.w.org\/{rel}","templated":true}]}}